{"id":1107,"date":"2026-04-10T12:06:53","date_gmt":"2026-04-10T10:06:53","guid":{"rendered":"https:\/\/galen.de\/?page_id=1107"},"modified":"2026-04-10T12:18:51","modified_gmt":"2026-04-10T10:18:51","slug":"luisa-spiller","status":"publish","type":"page","link":"https:\/\/galen.de\/en\/anwaeltinnen\/luisa-spiller\/","title":{"rendered":"Luisa Spiller"},"content":{"rendered":"<div data-elementor-type=\"wp-page\" data-elementor-id=\"1107\" class=\"elementor elementor-1107\" data-elementor-post-type=\"page\">\n\t\t\t\t<div class=\"elementor-element elementor-element-021ae86 e-con-full e-flex e-con e-child\" data-id=\"021ae86\" data-element_type=\"container\" data-e-type=\"container\">\n\t\t<div class=\"elementor-element elementor-element-c54ee78 e-con-full e-flex e-con e-child\" data-id=\"c54ee78\" data-element_type=\"container\" data-e-type=\"container\">\n\t\t<div class=\"elementor-element elementor-element-9f2b7f3 e-con-full e-flex e-con e-child\" data-id=\"9f2b7f3\" data-element_type=\"container\" data-e-type=\"container\">\n\t\t\t\t<div class=\"elementor-element elementor-element-ab78f51 accent-title elementor-widget elementor-widget-heading\" data-id=\"ab78f51\" data-element_type=\"widget\" data-e-type=\"widget\" data-widget_type=\"heading.default\">\n\t\t\t\t\t<h1 class=\"elementor-heading-title elementor-size-default\">Luisa Spiller<\/h1>\t\t\t\t<\/div>\n\t\t\t\t<div class=\"elementor-element elementor-element-97ebf68 elementor-widget elementor-widget-heading\" data-id=\"97ebf68\" data-element_type=\"widget\" data-e-type=\"widget\" data-widget_type=\"heading.default\">\n\t\t\t\t\t<div class=\"elementor-heading-title elementor-size-default\">Email<\/div>\t\t\t\t<\/div>\n\t\t\t\t<div class=\"elementor-element elementor-element-3ef5e12 no-mbp p red-underline elementor-widget elementor-widget-text-editor\" data-id=\"3ef5e12\" data-element_type=\"widget\" data-e-type=\"widget\" data-widget_type=\"text-editor.default\">\n\t\t\t\t\t\t\t\t\t<p><a href=\"mailto:spiller@galen.de\">spiller@galen.de<\/a><\/p>\t\t\t\t\t\t\t\t<\/div>\n\t\t\t\t<\/div>\n\t\t<div class=\"elementor-element elementor-element-af595a6 e-con-full e-flex e-con e-child\" data-id=\"af595a6\" data-element_type=\"container\" data-e-type=\"container\">\n\t\t\t\t<div class=\"elementor-element elementor-element-5284b04 elementor-widget elementor-widget-heading\" data-id=\"5284b04\" data-element_type=\"widget\" data-e-type=\"widget\" data-widget_type=\"heading.default\">\n\t\t\t\t\t<div class=\"elementor-heading-title elementor-size-default\">Phone<\/div>\t\t\t\t<\/div>\n\t\t\t\t<div class=\"elementor-element elementor-element-04ae853 no-mbp p red-underline elementor-widget elementor-widget-text-editor\" data-id=\"04ae853\" data-element_type=\"widget\" data-e-type=\"widget\" data-widget_type=\"text-editor.default\">\n\t\t\t\t\t\t\t\t\t<p><a class=\"hover-underline hover-red\" href=\"tel:+49 30 310182%E2%80%930\">+49 30 310182\u20130<\/a><\/p>\t\t\t\t\t\t\t\t<\/div>\n\t\t\t\t<\/div>\n\t\t\t\t<\/div>\n\t\t<div class=\"elementor-element elementor-element-69c2c58 e-con-full e-flex e-con e-child\" data-id=\"69c2c58\" data-element_type=\"container\" data-e-type=\"container\">\n\t\t\t\t<div class=\"elementor-element elementor-element-2acbf89 elementor-widget elementor-widget-image\" data-id=\"2acbf89\" data-element_type=\"widget\" data-e-type=\"widget\" data-widget_type=\"image.default\">\n\t\t\t\t\t\t\t\t\t\t\t\t\t\t\t<img decoding=\"async\" width=\"800\" height=\"541\" src=\"https:\/\/galen.de\/wp-content\/uploads\/2026\/01\/luisa-spiller-portrait-1024x693.webp\" class=\"attachment-large size-large wp-image-818\" alt=\"\" srcset=\"https:\/\/galen.de\/wp-content\/uploads\/2026\/01\/luisa-spiller-portrait-1024x693.webp 1024w, https:\/\/galen.de\/wp-content\/uploads\/2026\/01\/luisa-spiller-portrait-300x203.webp 300w, https:\/\/galen.de\/wp-content\/uploads\/2026\/01\/luisa-spiller-portrait-768x519.webp 768w, https:\/\/galen.de\/wp-content\/uploads\/2026\/01\/luisa-spiller-portrait.webp 1412w\" sizes=\"(max-width: 800px) 100vw, 800px\" \/>\t\t\t\t\t\t\t\t\t\t\t\t\t\t\t<\/div>\n\t\t\t\t<\/div>\n\t\t\t\t<\/div>\n\t\t<div class=\"elementor-element elementor-element-6acff9f e-con-full e-flex e-con e-child\" data-id=\"6acff9f\" data-element_type=\"container\" data-e-type=\"container\">\n\t\t<div class=\"elementor-element elementor-element-b75641d e-con-full e-flex e-con e-child\" data-id=\"b75641d\" data-element_type=\"container\" data-e-type=\"container\">\n\t\t\t\t<div class=\"elementor-element elementor-element-7cda689 elementor-widget elementor-widget-image\" data-id=\"7cda689\" data-element_type=\"widget\" data-e-type=\"widget\" data-widget_type=\"image.default\">\n\t\t\t\t\t\t\t\t\t\t\t\t\t\t\t\t<a href=\"https:\/\/galen.de\/wp-content\/uploads\/2026\/01\/luisa-spiller-download.webp\" data-elementor-open-lightbox=\"no\">\n\t\t\t\t\t\t\t<img decoding=\"async\" width=\"437\" height=\"600\" src=\"https:\/\/galen.de\/wp-content\/uploads\/2026\/01\/luisa-spiller-download.webp\" class=\"attachment-full size-full wp-image-819\" alt=\"\" srcset=\"https:\/\/galen.de\/wp-content\/uploads\/2026\/01\/luisa-spiller-download.webp 437w, https:\/\/galen.de\/wp-content\/uploads\/2026\/01\/luisa-spiller-download-219x300.webp 219w\" sizes=\"(max-width: 437px) 100vw, 437px\" \/>\t\t\t\t\t\t\t\t<\/a>\n\t\t\t\t\t\t\t\t\t\t\t\t\t\t\t<\/div>\n\t\t\t\t<\/div>\n\t\t<div class=\"elementor-element elementor-element-c89e84e e-con-full e-flex e-con e-child\" data-id=\"c89e84e\" data-element_type=\"container\" data-e-type=\"container\">\n\t\t\t\t<div class=\"elementor-element elementor-element-2097ab4 elementor-widget elementor-widget-text-editor\" data-id=\"2097ab4\" data-element_type=\"widget\" data-e-type=\"widget\" data-no-translation=\"\" data-widget_type=\"text-editor.default\">\n\t\t\t\t\t<style>.elementor-element-2097ab4{display:none !important}<\/style>\t\t\t\t<\/div>\n\t\t\t\t<div class=\"elementor-element elementor-element-8e6c484 elementor-widget elementor-widget-text-editor\" data-id=\"8e6c484\" data-element_type=\"widget\" data-e-type=\"widget\" data-no-translation=\"\" data-widget_type=\"text-editor.default\">\n\t\t\t\t\t\t\t\t\t<p>Luisa was born in Berlin.<\/p><p>She studied law in Potsdam and Paris-Nanterre from 2010 to 2016. In addition to her German degree, she obtained a French Master&#8217;s degree in International and European Law (Ma\u00eetrise). After completing her First State Exam in Law, she worked in the administration of the German Federal Parliament.<\/p><p>During her legal clerkship at the Berlin Higher Regional Court (Kammergericht) from 2017 to 2019, she worked for an international law firm, with a Berlin lawyer for criminal and migration law and for an EU department of the Federal Ministry for the Environment, Nature Conversation and Nuclear Safety.<\/p><p>After her Second State Exam in Law in 2019, she worked in public law as a research assistant in a medium-sized law firm in Berlin. Following that, she studied \u201cCriminology and Criminal Justice\u201d in Scotland, obtaining a Master\u00b4s degree (Msc) from the University of Edinburgh.<\/p><p>She was admitted to the bar in 2021 and has been working at Galen Rechtsanw\u00e4lte since then.<\/p><p>Memberships: Association of Berlin Criminal Defence Lawyers, German Bar Association (DAV), Republican Lawyers Association (RAV)<\/p>\t\t\t\t\t\t\t\t<\/div>\n\t\t\t\t<\/div>\n\t\t\t\t<\/div>\n\t\t\t\t<\/div>","protected":false},"excerpt":{"rendered":"<p>Luisa Spiller E-mail spiller@galen.de Telefon +49 30 310182\u20130 Luisa Spiller ist in Berlin geboren. Von 2010 bis 2016 studierte sie Rechtswissenschaften in Potsdam und Paris-Nanterre und erwarb hierbei auch einen franz\u00f6sischen Masterabschluss (Ma\u00eetrise) im internationalen und europ\u00e4ischen Recht. Nach dem Abschluss des ersten Staatsexamens arbeitete sie in der Verwaltung des Deutschen Bundestages. Ihr Rechtsreferendariat absolvierte [&hellip;]<\/p>\n","protected":false},"author":1,"featured_media":0,"parent":1093,"menu_order":0,"comment_status":"closed","ping_status":"closed","template":"elementor_header_footer","meta":{"inline_featured_image":false,"footnotes":""},"class_list":["post-1107","page","type-page","status-publish","hentry"],"aioseo_notices":[],"_links":{"self":[{"href":"https:\/\/galen.de\/en\/wp-json\/wp\/v2\/pages\/1107","targetHints":{"allow":["GET"]}}],"collection":[{"href":"https:\/\/galen.de\/en\/wp-json\/wp\/v2\/pages"}],"about":[{"href":"https:\/\/galen.de\/en\/wp-json\/wp\/v2\/types\/page"}],"author":[{"embeddable":true,"href":"https:\/\/galen.de\/en\/wp-json\/wp\/v2\/users\/1"}],"replies":[{"embeddable":true,"href":"https:\/\/galen.de\/en\/wp-json\/wp\/v2\/comments?post=1107"}],"version-history":[{"count":7,"href":"https:\/\/galen.de\/en\/wp-json\/wp\/v2\/pages\/1107\/revisions"}],"predecessor-version":[{"id":1119,"href":"https:\/\/galen.de\/en\/wp-json\/wp\/v2\/pages\/1107\/revisions\/1119"}],"up":[{"embeddable":true,"href":"https:\/\/galen.de\/en\/wp-json\/wp\/v2\/pages\/1093"}],"wp:attachment":[{"href":"https:\/\/galen.de\/en\/wp-json\/wp\/v2\/media?parent=1107"}],"curies":[{"name":"wp","href":"https:\/\/api.w.org\/{rel}","templated":true}]}}