{"id":1139,"date":"2026-04-13T16:03:14","date_gmt":"2026-04-13T14:03:14","guid":{"rendered":"https:\/\/galen.de\/?page_id=1139"},"modified":"2026-04-14T11:55:20","modified_gmt":"2026-04-14T09:55:20","slug":"international-legal-assistance-extradition-law","status":"publish","type":"page","link":"https:\/\/galen.de\/en\/internationale-rechtshilfe-auslieferungsrecht\/","title":{"rendered":"International Legal Assistance &amp; Extradition Law"},"content":{"rendered":"<div data-elementor-type=\"wp-page\" data-elementor-id=\"1139\" class=\"elementor elementor-1139\" data-elementor-post-type=\"page\">\n\t\t\t\t<div class=\"elementor-element elementor-element-021ae86 e-flex e-con-boxed e-con e-child\" data-id=\"021ae86\" data-element_type=\"container\" data-e-type=\"container\">\n\t\t\t\t\t<div class=\"e-con-inner\">\n\t\t\t\t<div class=\"elementor-element elementor-element-ab78f51 accent-title elementor-widget elementor-widget-heading\" data-id=\"ab78f51\" data-element_type=\"widget\" data-e-type=\"widget\" data-widget_type=\"heading.default\">\n\t\t\t\t\t<h1 class=\"elementor-heading-title elementor-size-default\">Lawyers specializing in international legal assistance and extradition law<\/h1>\t\t\t\t<\/div>\n\t\t\t\t\t<\/div>\n\t\t\t\t<\/div>\n\t\t<div class=\"elementor-element elementor-element-6acff9f e-flex e-con-boxed e-con e-child\" data-id=\"6acff9f\" data-element_type=\"container\" data-e-type=\"container\">\n\t\t\t\t\t<div class=\"e-con-inner\">\n\t\t\t\t<div class=\"elementor-element elementor-element-b14b524 red-underline elementor-widget elementor-widget-text-editor\" data-id=\"b14b524\" data-element_type=\"widget\" data-e-type=\"widget\" data-no-translation=\"\" data-widget_type=\"text-editor.default\">\n\t\t\t\t\t<style>.elementor-element-b14b524{display:none !important}<\/style>\t\t\t\t<\/div>\n\t\t\t\t<div class=\"elementor-element elementor-element-90a7900 elementor-widget elementor-widget-button\" data-id=\"90a7900\" data-element_type=\"widget\" data-e-type=\"widget\" data-widget_type=\"button.default\">\n\t\t\t\t\t\t\t\t\t\t<a class=\"elementor-button elementor-button-link elementor-size-sm\" href=\"https:\/\/galen.de\/en\/#kontakt\">\n\t\t\t\t\t\t<span class=\"elementor-button-content-wrapper\">\n\t\t\t\t\t\t\t\t\t<span class=\"elementor-button-text\">Contact<\/span>\n\t\t\t\t\t<\/span>\n\t\t\t\t\t<\/a>\n\t\t\t\t\t\t\t\t<\/div>\n\t\t\t\t\t<\/div>\n\t\t\t\t<\/div>\n\t\t<div class=\"elementor-element elementor-element-6d4964c e-flex e-con-boxed e-con e-parent\" data-id=\"6d4964c\" data-element_type=\"container\" data-e-type=\"container\">\n\t\t\t\t\t<div class=\"e-con-inner\">\n\t\t\t\t<div class=\"elementor-element elementor-element-ff3870e red-underline elementor-widget elementor-widget-text-editor\" data-id=\"ff3870e\" data-element_type=\"widget\" data-e-type=\"widget\" data-no-translation=\"\" data-widget_type=\"text-editor.default\">\n\t\t\t\t\t<style>.elementor-element-ff3870e{display:none !important}<\/style>\t\t\t\t<\/div>\n\t\t\t\t<div class=\"elementor-element elementor-element-430f437 uael-faq-box-layout-yes align-at-left elementor-widget elementor-widget-uael-faq\" data-id=\"430f437\" data-element_type=\"widget\" data-e-type=\"widget\" data-widget_type=\"uael-faq.default\">\n\t\t\t\t<div class=\"elementor-widget-container\">\n\t\t\t\t\t\n\t\t\t<div id='uael-faq-wrapper-703' class=\"uael-faq-wrapper\">\n\t\t\t\t<div class=\"uael-faq-container uael-faq-layout-accordion\" data-layout=\"accordion\" >\n\t\t\t\t\t\t\t\t\t\t\t\t<div id=\"uael-accordion-6b79aef\" class=\"uael-faq-accordion\" role=\"tablist\">\n\t\t\t\t\t\t\t\t<div class= \"uael-accordion-title\" aria-expanded=\"false\" role=\"tab\">\n\t\t\t\t\t\t\t\t\t<span class=\"uael-accordion-icon uael-accordion-icon-left\">\n\t\t\t\t\t\t\t\t\t\t<span class=\"uael-accordion-icon-closed\"><i class=\"fas fa-angle-right\"><\/i><\/span>\n\t\t\t\t\t\t\t\t\t\t<span class=\"uael-accordion-icon-opened\"><i class=\"fas fa-angle-up\"><\/i><\/span>\n\t\t\t\t\t\t\t\t\t<\/span>\n\t\t\t\t\t\t\t\t\t<span class=\"uael-question-6b79aef uael-question-span\" tabindex=\"0\" id=\"uael-faq-1-69de9af521d94\">To which countries does Germany export?<\/span>\n\t\t\t\t\t\t\t\t<\/div>\n\t\t\t\t\t\t\t\t<div class=\"uael-accordion-content\" role=\"tabpanel\">\n\t\t\t\t\t\t\t\t\t<span>\n\t\t\t\t\t\t\t\t\t<span><p><span style=\"font-weight: 400;\">Germany generally extradites to EU member states based on a European Arrest Warrant. Furthermore, extradition treaties exist with numerous countries worldwide, particularly due to multilateral agreements. Bilateral extradition treaties also exist with third countries such as the United States of America (USA). However, the decisive factor is always the individual assessment of each case.<\/span><\/p><\/span>\t\t\t\t\t\t\t\t\t<\/span>\n\t\t\t\t\t\t\t\t<\/div>\n\t\t\t\t\t\t\t<\/div>\n\t\t\t\t\t\t\t\t\t\t\t\t\t\t<div id=\"uael-accordion-8183eaa\" class=\"uael-faq-accordion\" role=\"tablist\">\n\t\t\t\t\t\t\t\t<div class= \"uael-accordion-title\" aria-expanded=\"false\" role=\"tab\">\n\t\t\t\t\t\t\t\t\t<span class=\"uael-accordion-icon uael-accordion-icon-left\">\n\t\t\t\t\t\t\t\t\t\t<span class=\"uael-accordion-icon-closed\"><i class=\"fas fa-angle-right\"><\/i><\/span>\n\t\t\t\t\t\t\t\t\t\t<span class=\"uael-accordion-icon-opened\"><i class=\"fas fa-angle-up\"><\/i><\/span>\n\t\t\t\t\t\t\t\t\t<\/span>\n\t\t\t\t\t\t\t\t\t<span class=\"uael-question-8183eaa uael-question-span\" tabindex=\"0\" id=\"uael-faq-2-69de9af521e33\">Are there any countries to which Germany does not extradite?<\/span>\n\t\t\t\t\t\t\t\t<\/div>\n\t\t\t\t\t\t\t\t<div class=\"uael-accordion-content\" role=\"tabpanel\">\n\t\t\t\t\t\t\t\t\t<span>\n\t\t\t\t\t\t\t\t\t<span><p><span style=\"font-weight: 400;\">Extradition may be inadmissible, for example, if basic minimum standards of the rule of law are not guaranteed in the requesting state or if the death penalty is a possibility. Extradition may also be refused in cases of political persecution or human rights violations in detention. A case-by-case examination is always required, taking into account the current political situation and the individual circumstances of the person concerned.\u00a0<\/span><\/p><\/span>\t\t\t\t\t\t\t\t\t<\/span>\n\t\t\t\t\t\t\t\t<\/div>\n\t\t\t\t\t\t\t<\/div>\n\t\t\t\t\t\t\t\t\t\t\t\t\t\t<div id=\"uael-accordion-36f9a7b\" class=\"uael-faq-accordion\" role=\"tablist\">\n\t\t\t\t\t\t\t\t<div class= \"uael-accordion-title\" aria-expanded=\"false\" role=\"tab\">\n\t\t\t\t\t\t\t\t\t<span class=\"uael-accordion-icon uael-accordion-icon-left\">\n\t\t\t\t\t\t\t\t\t\t<span class=\"uael-accordion-icon-closed\"><i class=\"fas fa-angle-right\"><\/i><\/span>\n\t\t\t\t\t\t\t\t\t\t<span class=\"uael-accordion-icon-opened\"><i class=\"fas fa-angle-up\"><\/i><\/span>\n\t\t\t\t\t\t\t\t\t<\/span>\n\t\t\t\t\t\t\t\t\t<span class=\"uael-question-36f9a7b uael-question-span\" tabindex=\"0\" id=\"uael-faq-3-69de9af521e8f\">What is a European Arrest Warrant?<\/span>\n\t\t\t\t\t\t\t\t<\/div>\n\t\t\t\t\t\t\t\t<div class=\"uael-accordion-content\" role=\"tabpanel\">\n\t\t\t\t\t\t\t\t\t<span>\n\t\t\t\t\t\t\t\t\t<span><p><span style=\"font-weight: 400;\">The European Arrest Warrant is a simplified extradition procedure between EU member states. It replaces the traditional extradition procedure and is based on the principle of mutual trust between judicial systems.<\/span><\/p><\/span>\t\t\t\t\t\t\t\t\t<\/span>\n\t\t\t\t\t\t\t\t<\/div>\n\t\t\t\t\t\t\t<\/div>\n\t\t\t\t\t\t\t\t\t\t\t\t\t\t<div id=\"uael-accordion-9146b73\" class=\"uael-faq-accordion\" role=\"tablist\">\n\t\t\t\t\t\t\t\t<div class= \"uael-accordion-title\" aria-expanded=\"false\" role=\"tab\">\n\t\t\t\t\t\t\t\t\t<span class=\"uael-accordion-icon uael-accordion-icon-left\">\n\t\t\t\t\t\t\t\t\t\t<span class=\"uael-accordion-icon-closed\"><i class=\"fas fa-angle-right\"><\/i><\/span>\n\t\t\t\t\t\t\t\t\t\t<span class=\"uael-accordion-icon-opened\"><i class=\"fas fa-angle-up\"><\/i><\/span>\n\t\t\t\t\t\t\t\t\t<\/span>\n\t\t\t\t\t\t\t\t\t<span class=\"uael-question-9146b73 uael-question-span\" tabindex=\"0\" id=\"uael-faq-4-69de9af521ef0\">Can I take legal action against extradition?<\/span>\n\t\t\t\t\t\t\t\t<\/div>\n\t\t\t\t\t\t\t\t<div class=\"uael-accordion-content\" role=\"tabpanel\">\n\t\t\t\t\t\t\t\t\t<span>\n\t\t\t\t\t\t\t\t\t<span><p><span style=\"font-weight: 400;\">Yes. The admissibility of the extradition is reviewed by a Higher Regional Court. Objections to the extradition can be raised within this process.\u00a0<\/span><\/p><p><span style=\"font-weight: 400;\">If the Higher Regional Court&#039;s extradition decision violates fundamental rights, it must be examined whether a constitutional complaint can be filed. A violation of fundamental rights may occur, for example, if extradition poses a threat to the life and limb\/physical integrity of the person concerned, or if a fair trial is not guaranteed in the state to which extradition is sought. In order to prevent extradition, an urgent application must also be filed with the Federal Constitutional Court.<\/span><\/p><\/span>\t\t\t\t\t\t\t\t\t<\/span>\n\t\t\t\t\t\t\t\t<\/div>\n\t\t\t\t\t\t\t<\/div>\n\t\t\t\t\t\t\t\t\t\t\t\t\t\t<div id=\"uael-accordion-e3e4d09\" class=\"uael-faq-accordion\" role=\"tablist\">\n\t\t\t\t\t\t\t\t<div class= \"uael-accordion-title\" aria-expanded=\"false\" role=\"tab\">\n\t\t\t\t\t\t\t\t\t<span class=\"uael-accordion-icon uael-accordion-icon-left\">\n\t\t\t\t\t\t\t\t\t\t<span class=\"uael-accordion-icon-closed\"><i class=\"fas fa-angle-right\"><\/i><\/span>\n\t\t\t\t\t\t\t\t\t\t<span class=\"uael-accordion-icon-opened\"><i class=\"fas fa-angle-up\"><\/i><\/span>\n\t\t\t\t\t\t\t\t\t<\/span>\n\t\t\t\t\t\t\t\t\t<span class=\"uael-question-e3e4d09 uael-question-span\" tabindex=\"0\" id=\"uael-faq-5-69de9af521f55\">What is an Interpol Red Notice and what are its consequences?<\/span>\n\t\t\t\t\t\t\t\t<\/div>\n\t\t\t\t\t\t\t\t<div class=\"uael-accordion-content\" role=\"tabpanel\">\n\t\t\t\t\t\t\t\t\t<span>\n\t\t\t\t\t\t\t\t\t<span><p><span style=\"font-weight: 400;\">A Red Notice is a request issued by Interpol for an international search and arrest warrant. This request is based on a request from an Interpol member state. A Red Notice is not a legally binding international arrest warrant and does not create an immediate obligation to arrest. However, in countries that have implemented it nationally, it can serve as grounds for a provisional arrest and the initiation of extradition proceedings.<\/span><\/p><\/span>\t\t\t\t\t\t\t\t\t<\/span>\n\t\t\t\t\t\t\t\t<\/div>\n\t\t\t\t\t\t\t<\/div>\n\t\t\t\t\t\t\t\t\t\t\t\t\t\t<div id=\"uael-accordion-200c5cd\" class=\"uael-faq-accordion\" role=\"tablist\">\n\t\t\t\t\t\t\t\t<div class= \"uael-accordion-title\" aria-expanded=\"false\" role=\"tab\">\n\t\t\t\t\t\t\t\t\t<span class=\"uael-accordion-icon uael-accordion-icon-left\">\n\t\t\t\t\t\t\t\t\t\t<span class=\"uael-accordion-icon-closed\"><i class=\"fas fa-angle-right\"><\/i><\/span>\n\t\t\t\t\t\t\t\t\t\t<span class=\"uael-accordion-icon-opened\"><i class=\"fas fa-angle-up\"><\/i><\/span>\n\t\t\t\t\t\t\t\t\t<\/span>\n\t\t\t\t\t\t\t\t\t<span class=\"uael-question-200c5cd uael-question-span\" tabindex=\"0\" id=\"uael-faq-6-69de9af521fad\">How long does an extradition procedure take?<\/span>\n\t\t\t\t\t\t\t\t<\/div>\n\t\t\t\t\t\t\t\t<div class=\"uael-accordion-content\" role=\"tabpanel\">\n\t\t\t\t\t\t\t\t\t<span>\n\t\t\t\t\t\t\t\t\t<span><p><span style=\"font-weight: 400;\">The duration depends on the individual case. Proceedings within the EU are often faster than those involving third countries. Complex legal issues can prolong the process.<\/span><\/p><\/span>\t\t\t\t\t\t\t\t\t<\/span>\n\t\t\t\t\t\t\t\t<\/div>\n\t\t\t\t\t\t\t<\/div>\n\t\t\t\t\t\t\t\t\t\t\t\t\t\t<div id=\"uael-accordion-0de18e3\" class=\"uael-faq-accordion\" role=\"tablist\">\n\t\t\t\t\t\t\t\t<div class= \"uael-accordion-title\" aria-expanded=\"false\" role=\"tab\">\n\t\t\t\t\t\t\t\t\t<span class=\"uael-accordion-icon uael-accordion-icon-left\">\n\t\t\t\t\t\t\t\t\t\t<span class=\"uael-accordion-icon-closed\"><i class=\"fas fa-angle-right\"><\/i><\/span>\n\t\t\t\t\t\t\t\t\t\t<span class=\"uael-accordion-icon-opened\"><i class=\"fas fa-angle-up\"><\/i><\/span>\n\t\t\t\t\t\t\t\t\t<\/span>\n\t\t\t\t\t\t\t\t\t<span class=\"uael-question-0de18e3 uael-question-span\" tabindex=\"0\" id=\"uael-faq-7-69de9af522000\">Can Germany extradite its own citizens?<\/span>\n\t\t\t\t\t\t\t\t<\/div>\n\t\t\t\t\t\t\t\t<div class=\"uael-accordion-content\" role=\"tabpanel\">\n\t\t\t\t\t\t\t\t\t<span>\n\t\t\t\t\t\t\t\t\t<span><p><span style=\"font-weight: 400;\">German citizens are generally not extradited to countries outside the EU. Within the EU, extradition of German citizens is possible under certain conditions.<\/span><\/p><\/span>\t\t\t\t\t\t\t\t\t<\/span>\n\t\t\t\t\t\t\t\t<\/div>\n\t\t\t\t\t\t\t<\/div>\n\t\t\t\t\t\t\t\t\t\t\t\t\t\t<div id=\"uael-accordion-6e27a6b\" class=\"uael-faq-accordion\" role=\"tablist\">\n\t\t\t\t\t\t\t\t<div class= \"uael-accordion-title\" aria-expanded=\"false\" role=\"tab\">\n\t\t\t\t\t\t\t\t\t<span class=\"uael-accordion-icon uael-accordion-icon-left\">\n\t\t\t\t\t\t\t\t\t\t<span class=\"uael-accordion-icon-closed\"><i class=\"fas fa-angle-right\"><\/i><\/span>\n\t\t\t\t\t\t\t\t\t\t<span class=\"uael-accordion-icon-opened\"><i class=\"fas fa-angle-up\"><\/i><\/span>\n\t\t\t\t\t\t\t\t\t<\/span>\n\t\t\t\t\t\t\t\t\t<span class=\"uael-question-6e27a6b uael-question-span\" tabindex=\"0\" id=\"uael-faq-8-69de9af522050\">When should I contact a lawyer specializing in international legal assistance and extradition?<\/span>\n\t\t\t\t\t\t\t\t<\/div>\n\t\t\t\t\t\t\t\t<div class=\"uael-accordion-content\" role=\"tabpanel\">\n\t\t\t\t\t\t\t\t\t<span>\n\t\t\t\t\t\t\t\t\t<span><p><span style=\"font-weight: 400;\">As soon as you become aware of an investigation, whether domestic or foreign, you should seek legal counsel immediately. It is crucial to determine whether, in addition to a defense in the investigating state, action should also be taken against cross-border criminal measures (requests for arrest and extradition, other requests for legal assistance). Acting promptly is essential for the further course of the proceedings.<\/span><\/p><\/span>\t\t\t\t\t\t\t\t\t<\/span>\n\t\t\t\t\t\t\t\t<\/div>\n\t\t\t\t\t\t\t<\/div>\n\t\t\t\t\t\t\t\t\t\t\t<\/div>\n\t\t\t<\/div>\n\t\t\t\t\t\t\t<\/div>\n\t\t\t\t<\/div>\n\t\t\t\t\t<\/div>\n\t\t\t\t<\/div>\n\t\t\t\t<\/div>","protected":false},"excerpt":{"rendered":"<p>Rechtsanw\u00e4lte f\u00fcr internationale Rechtshilfe &amp; Auslieferungsrecht Verteidigung gegen europ\u00e4ische und internationale strafrechtliche Ma\u00dfnahmen: Europ\u00e4ischer Haftbefehl (EuHb), Auslieferungsersuchen, Interpol Red Notice Strafverfolgung macht vor nationalen Grenzen nicht halt. Die Strafverfolgungsbeh\u00f6rden arbeiten weltweit auf der Grundlage zahlreicher bi- und multilateraler Abkommen zusammen. Ermittlungsverfahren betreffen zunehmend Vorw\u00fcrfe mit europ\u00e4ischen und internationalen Zusammenh\u00e4ngen. In der Folge werden etwa Haftbefehle [&hellip;]<\/p>\n","protected":false},"author":1,"featured_media":0,"parent":0,"menu_order":0,"comment_status":"closed","ping_status":"closed","template":"elementor_header_footer","meta":{"inline_featured_image":false,"footnotes":""},"class_list":["post-1139","page","type-page","status-publish","hentry"],"aioseo_notices":[],"_links":{"self":[{"href":"https:\/\/galen.de\/en\/wp-json\/wp\/v2\/pages\/1139","targetHints":{"allow":["GET"]}}],"collection":[{"href":"https:\/\/galen.de\/en\/wp-json\/wp\/v2\/pages"}],"about":[{"href":"https:\/\/galen.de\/en\/wp-json\/wp\/v2\/types\/page"}],"author":[{"embeddable":true,"href":"https:\/\/galen.de\/en\/wp-json\/wp\/v2\/users\/1"}],"replies":[{"embeddable":true,"href":"https:\/\/galen.de\/en\/wp-json\/wp\/v2\/comments?post=1139"}],"version-history":[{"count":21,"href":"https:\/\/galen.de\/en\/wp-json\/wp\/v2\/pages\/1139\/revisions"}],"predecessor-version":[{"id":1255,"href":"https:\/\/galen.de\/en\/wp-json\/wp\/v2\/pages\/1139\/revisions\/1255"}],"wp:attachment":[{"href":"https:\/\/galen.de\/en\/wp-json\/wp\/v2\/media?parent=1139"}],"curies":[{"name":"wp","href":"https:\/\/api.w.org\/{rel}","templated":true}]}}