{"id":1327,"date":"2026-04-21T15:49:42","date_gmt":"2026-04-21T13:49:42","guid":{"rendered":"https:\/\/galen.de\/?page_id=1327"},"modified":"2026-04-22T08:03:11","modified_gmt":"2026-04-22T06:03:11","slug":"labor-criminal-law","status":"publish","type":"page","link":"https:\/\/galen.de\/en\/rechtsgebiete\/wirtschaftsstrafrecht\/arbeitsstrafrecht\/","title":{"rendered":"Labor law"},"content":{"rendered":"<div data-elementor-type=\"wp-page\" data-elementor-id=\"1327\" class=\"elementor elementor-1327\" data-elementor-post-type=\"page\">\n\t\t\t\t<div class=\"elementor-element elementor-element-aa9c1fc e-flex e-con-boxed e-con e-parent\" data-id=\"aa9c1fc\" data-element_type=\"container\" data-e-type=\"container\">\n\t\t\t\t\t<div class=\"e-con-inner\">\n\t\t\t\t<div class=\"elementor-element elementor-element-72fd4657 elementor-widget elementor-widget-text-editor\" data-id=\"72fd4657\" data-element_type=\"widget\" data-e-type=\"widget\" data-widget_type=\"text-editor.default\">\n\t\t\t\t\t\t\t\t\t\n<p>Employment criminal law deals with criminal offenses in the employment relationship and in the area of wage theft. Both employers and employees can become the focus of prosecutorial investigations \u2013 early legal support is essential in these situations. <\/p>\n\n\n\n<p>We represent you in all matters relating to employment criminal law: withholding and misappropriation of wages, bogus self-employment, undeclared work (SchwarzArbG), illegal temporary employment and employment of workers without a work permit.<\/p>\n\n\n\n<p><\/p>\n\t\t\t\t\t\t\t\t<\/div>\n\t\t\t\t\t<\/div>\n\t\t\t\t<\/div>\n\t\t<div class=\"elementor-element elementor-element-92016cd e-flex e-con-boxed e-con e-parent\" data-id=\"92016cd\" data-element_type=\"container\" data-e-type=\"container\">\n\t\t\t\t\t<div class=\"e-con-inner\">\n\t\t\t\t<div class=\"elementor-element elementor-element-c14caf5 elementor-widget elementor-widget-ucaddon_post_grid\" data-id=\"c14caf5\" data-element_type=\"widget\" data-e-type=\"widget\" data-widget_type=\"ucaddon_post_grid.default\">\n\t\t\t\t<div class=\"elementor-widget-container\">\n\t\t\t\t\t\n<!-- start Post Grid -->\n\t\t<link id='font-awesome-css' href='https:\/\/galen.de\/wp-content\/plugins\/unlimited-elements-for-elementor-premium\/assets_libraries\/font-awesome6\/fontawesome-all.min.css' type='text\/css' rel='stylesheet' >\n\t\t<link id='font-awesome-4-shim-css' href='https:\/\/galen.de\/wp-content\/plugins\/unlimited-elements-for-elementor-premium\/assets_libraries\/font-awesome6\/fontawesome-v4-shims.min.css' type='text\/css' rel='stylesheet' >\n\n<style>\/* widget: Post Grid *\/\n\n\n\n#uc_post_grid_elementor_c14caf5.uc_post_grid_style_one .uc_post_grid_style_one_wrap {\n   display:grid;\n}\n\n\n#uc_post_grid_elementor_c14caf5 .uc_post_grid_style_one_item\n{\n  position:relative;\n}\n\n#uc_post_grid_elementor_c14caf5 .uc_post_image\n{\n  transition:0.3s;\n  position:relative;\n  overflow:hidden;\n}\n\n#uc_post_grid_elementor_c14caf5 .uc_post_image img\n{\n  width:100%;\n  display:block;\n  transition:0.3s;\n}\n\n\n\t\n\n\n\n\n\n\n#uc_post_grid_elementor_c14caf5 .uc_post_image_overlay\n{\n  position:absolute;\n  top:0px;\n  left:0px;\n  height:100%;\n  width:100%;\n  transition:0.3s;\n}\n\n#uc_post_grid_elementor_c14caf5 .uc_more_btn-custom-field\n{\n  display:inline-block;\n  text-align:center;\n  text-decoration:none;\n  transition:0.3s;\n}\n\n#uc_post_grid_elementor_c14caf5 .uc_more_btn\n{\n  display:inline-block;\n  text-align:center;\n  text-decoration:none;\n  transition:0.3s;\n}\n\n.ue-grid-item-category a\n{\n  display:inline-block;\n  font-size:10px;\n  position: relative;\n  z-index: 1;\n}\n.uc_post_title\n{\n  font-size:21px;\n}\n\n\n\n#uc_post_grid_elementor_c14caf5 .ue_post_grid_item\n{\n  display:flex;\n  flex-direction:column;\n}\n\n#uc_post_grid_elementor_c14caf5.uc_post_grid_style_one .uc_content{\n flex-grow:1;\n}\n\n#uc_post_grid_elementor_c14caf5.uc_post_grid_style_one .uc_content > div\n{\n  height:100%;\n  display:flex;\n  flex-direction:column;\n  }\n\n  \n\n\n\n\n\n\n\n\n\n\n\n\n\n\n\n\n\n\n\n\n\n\n#uc_post_grid_elementor_c14caf5 .ue-meta-data\n{\n  \n  display:flex;\n\n  flex-wrap: wrap;\n  line-height:1em;\n}\n\n#uc_post_grid_elementor_c14caf5 .ue-grid-item-meta-data\n{\n      display:inline-flex;\n      align-items:center;\n}\n\n#uc_post_grid_elementor_c14caf5 .ue-grid-item-meta-data a{\n  color:inherit;\n}\n\n.ue-grid-item-meta-data\n{\n  font-size:12px;\n}\n\n#uc_post_grid_elementor_c14caf5 .ue-grid-item-meta-data-icon\n{\n  line-height:1em;\n}\n\n#uc_post_grid_elementor_c14caf5 .ue-grid-item-meta-data-icon svg\n{\n  width:1em;\n  height:1em;\n}\n\n#uc_post_grid_elementor_c14caf5 .ue-debug-meta\n{\n  padding:10px;\n  border:1px solid red;\n  position:relative;\n  line-height:1.5em;\n  font-size:11px;\n  width:100%;\n}\n\n#uc_post_grid_elementor_c14caf5 .uc_btn_inner\n{\n  display:inline-flex;\n  align-items:center;\n}\n\n#uc_post_grid_elementor_c14caf5 .uc_btn_inner svg\n{\n  width:1em;\n  height:1em;\n}\n\n  #uc_post_grid_elementor_c14caf5 .ue_post_full_link{\n    position:absolute;\n    width:100%;\n    height:100%;\n    top:0;\n    left:0;\n  }\n\n\n\n\n<\/style>\n\n<div class=\"uc_post_grid_style_one\" id=\"uc_post_grid_elementor_c14caf5\"  >\n\t\t<div class=\"uc_post_grid_style_one_wrap ue_post_grid uc-items-wrapper\">\n\t\t\t\n\n\n\n<div id=\"uc_post_grid_elementor_c14caf5_item1\" class=\"uc_post_grid_style_one_item ue_post_grid_item ue-item\">\n  \n   \n  <div class=\"uc_content\">\n    <div class=\"uc_content_inner\">\n      <div class=\"uc_content-info-wrapper\" >\n        \n       \n              \n\n            \t\t      \t\t\t<div class=\"uc_post_title\"><a class=\"\" href='https:\/\/galen.de\/en\/rechtsgebiete\/wirtschaftsstrafrecht\/arbeitsstrafrecht\/vorenthalten-arbeitsentgelt-scheinselbststaendigkeit\/' target=\"_self\"><div class=\"ue_p_title\">bogus self-employment and embezzlement of wages<\/div><\/a><\/div>\n      \t\t      \t\n                      \n       \n        <div class=\"ue-meta-data\">\n            \n                \t    \n                \n        \n\t\n                \n                \n                \n                \n    \t\t\t\n      \n            \n  <\/div>\t\n           \n                 \n                            \n                                  \n     <\/div>                      \n                           \n \t<\/div>  <\/div>      \n  <a class=\"ue_post_full_link\" href='https:\/\/galen.de\/en\/rechtsgebiete\/wirtschaftsstrafrecht\/arbeitsstrafrecht\/vorenthalten-arbeitsentgelt-scheinselbststaendigkeit\/' target=\"_self\"><\/a>      \n<\/div>\n\n\t\t<\/div>\n\t<\/div>\n\n\n\n  <div id=\"uc_post_grid_elementor_c14caf5_empty_message\" class=\"ue-no-posts-found\"  style=\"display:none\" >No posts found<\/div>\n\n\n<!-- end Post Grid -->\t\t\t\t<\/div>\n\t\t\t\t<\/div>\n\t\t\t\t\t<\/div>\n\t\t\t\t<\/div>\n\t\t\t\t<\/div>","protected":false},"excerpt":{"rendered":"<p>Das Arbeitsstrafrecht befasst sich mit strafrechtlichen Verst\u00f6\u00dfen im Besch\u00e4ftigungsverh\u00e4ltnis und im Bereich der Lohnkriminalit\u00e4t. Arbeitgeber wie Arbeitnehmer k\u00f6nnen gleicherma\u00dfen in den Fokus staatsanwaltschaftlicher Ermittlungen geraten \u2013 eine fr\u00fchzeitige rechtliche Begleitung ist hier essenziell. Wir vertreten Sie bei allen Fragen rund um das Arbeitsstrafrecht: Vorenthalten und Veruntreuen von Arbeitsentgelt, Scheinselbstst\u00e4ndigkeit, Schwarzarbeit (SchwarzArbG), illegale Arbeitnehmer\u00fcberlassung sowie Besch\u00e4ftigung [&hellip;]<\/p>\n","protected":false},"author":1,"featured_media":0,"parent":1325,"menu_order":0,"comment_status":"closed","ping_status":"closed","template":"","meta":{"_acf_changed":false,"inline_featured_image":false,"footnotes":""},"class_list":["post-1327","page","type-page","status-publish","hentry"],"acf":[],"aioseo_notices":[],"_links":{"self":[{"href":"https:\/\/galen.de\/en\/wp-json\/wp\/v2\/pages\/1327","targetHints":{"allow":["GET"]}}],"collection":[{"href":"https:\/\/galen.de\/en\/wp-json\/wp\/v2\/pages"}],"about":[{"href":"https:\/\/galen.de\/en\/wp-json\/wp\/v2\/types\/page"}],"author":[{"embeddable":true,"href":"https:\/\/galen.de\/en\/wp-json\/wp\/v2\/users\/1"}],"replies":[{"embeddable":true,"href":"https:\/\/galen.de\/en\/wp-json\/wp\/v2\/comments?post=1327"}],"version-history":[{"count":9,"href":"https:\/\/galen.de\/en\/wp-json\/wp\/v2\/pages\/1327\/revisions"}],"predecessor-version":[{"id":1400,"href":"https:\/\/galen.de\/en\/wp-json\/wp\/v2\/pages\/1327\/revisions\/1400"}],"up":[{"embeddable":true,"href":"https:\/\/galen.de\/en\/wp-json\/wp\/v2\/pages\/1325"}],"wp:attachment":[{"href":"https:\/\/galen.de\/en\/wp-json\/wp\/v2\/media?parent=1327"}],"curies":[{"name":"wp","href":"https:\/\/api.w.org\/{rel}","templated":true}]}}