{"id":1352,"date":"2026-04-21T16:35:18","date_gmt":"2026-04-21T14:35:18","guid":{"rendered":"https:\/\/galen.de\/?page_id=1352"},"modified":"2026-04-22T08:03:04","modified_gmt":"2026-04-22T06:03:04","slug":"banking-and-capital-markets-criminal-law","status":"publish","type":"page","link":"https:\/\/galen.de\/en\/rechtsgebiete\/wirtschaftsstrafrecht\/bank-und-kapitalmarktstrafrecht\/","title":{"rendered":"Banking and capital markets criminal law"},"content":{"rendered":"<p>In addition to the criminal offenses defined in the Criminal Code, banking and capital markets criminal law primarily encompasses criminal offenses and administrative offenses arising from the Securities Trading Act (WpHG), the Stock Exchange Act (B\u00f6rsG), the Banking Act (KWG), the Money Laundering Act (GwG), the Stock Corporation Act (AktG), and the Commercial Code (HGB). Investigations in banking and capital markets criminal law are characterized by close cooperation between law enforcement agencies and the Federal Financial Supervisory Authority (BaFin).<\/p>\n\n\n\n<p>Consulting and defense in banking and capital markets criminal law therefore require special expertise in order to build the necessary counterweight to state investigations.<\/p>\n\n\n\n<p><\/p>","protected":false},"excerpt":{"rendered":"<p>Neben den Straftatbest\u00e4nden des Strafgesetzbuches umfasst das Bank- und Kapitalmarktstrafrecht vor allem Straftaten und Ordnungswidrigkeiten aus dem Gesetz \u00fcber den Wertpapierhandel (WpHG), dem B\u00f6rsengesetz (B\u00f6rsG), dem Gesetz \u00fcber das Kreditwesen (KWG), dem Geldw\u00e4schegesetz (GwG), dem Aktiengesetz (AktG) und dem Handelsgesetzbuch (HGB). Ermittlungen im Bank- und Kapitalmarktstrafrecht sind durch eine intensive Zusammenarbeit zwischen den Strafverfolgungsbeh\u00f6rden und [&hellip;]<\/p>\n","protected":false},"author":1,"featured_media":0,"parent":1325,"menu_order":0,"comment_status":"closed","ping_status":"closed","template":"","meta":{"_acf_changed":false,"inline_featured_image":false,"footnotes":""},"class_list":["post-1352","page","type-page","status-publish","hentry"],"acf":[],"aioseo_notices":[],"_links":{"self":[{"href":"https:\/\/galen.de\/en\/wp-json\/wp\/v2\/pages\/1352","targetHints":{"allow":["GET"]}}],"collection":[{"href":"https:\/\/galen.de\/en\/wp-json\/wp\/v2\/pages"}],"about":[{"href":"https:\/\/galen.de\/en\/wp-json\/wp\/v2\/types\/page"}],"author":[{"embeddable":true,"href":"https:\/\/galen.de\/en\/wp-json\/wp\/v2\/users\/1"}],"replies":[{"embeddable":true,"href":"https:\/\/galen.de\/en\/wp-json\/wp\/v2\/comments?post=1352"}],"version-history":[{"count":3,"href":"https:\/\/galen.de\/en\/wp-json\/wp\/v2\/pages\/1352\/revisions"}],"predecessor-version":[{"id":1399,"href":"https:\/\/galen.de\/en\/wp-json\/wp\/v2\/pages\/1352\/revisions\/1399"}],"up":[{"embeddable":true,"href":"https:\/\/galen.de\/en\/wp-json\/wp\/v2\/pages\/1325"}],"wp:attachment":[{"href":"https:\/\/galen.de\/en\/wp-json\/wp\/v2\/media?parent=1352"}],"curies":[{"name":"wp","href":"https:\/\/api.w.org\/{rel}","templated":true}]}}