{"id":1433,"date":"2026-04-28T12:33:07","date_gmt":"2026-04-28T10:33:07","guid":{"rendered":"https:\/\/galen.de\/?page_id=1433"},"modified":"2026-04-28T12:34:11","modified_gmt":"2026-04-28T10:34:11","slug":"medical-criminal-law","status":"publish","type":"page","link":"https:\/\/galen.de\/en\/rechtsgebiete\/wirtschaftsstrafrecht\/medizinstrafrecht\/","title":{"rendered":"Medical criminal law"},"content":{"rendered":"<div data-elementor-type=\"wp-page\" data-elementor-id=\"1433\" class=\"elementor elementor-1433\" data-elementor-post-type=\"page\">\n\t\t\t\t<div class=\"elementor-element elementor-element-aa9c1fc e-flex e-con-boxed e-con e-parent\" data-id=\"aa9c1fc\" data-element_type=\"container\" data-e-type=\"container\">\n\t\t\t\t\t<div class=\"e-con-inner\">\n\t\t\t\t<div class=\"elementor-element elementor-element-72fd4657 elementor-widget elementor-widget-text-editor\" data-id=\"72fd4657\" data-element_type=\"widget\" data-e-type=\"widget\" data-widget_type=\"text-editor.default\">\n\t\t\t\t\t\t\t\t\t\n<div class=\"elementor-element elementor-element-d020c9a e-con-full e-flex e-con e-child\" role=\"region\" aria-labelledby=\"e-n-accordion-item-21210\" data-id=\"d020c9a\" data-element_type=\"container\" data-e-type=\"container\">\n<div class=\"elementor-element elementor-element-5c48ac9 elementor-widget elementor-widget-text-editor\" data-id=\"5c48ac9\" data-element_type=\"widget\" data-e-type=\"widget\" data-widget_type=\"text-editor.default\">\n<p>The criminal law for medical professions includes in particular allegations relating to medical malpractice (negligent bodily harm and negligent homicide), but also allegations of fraud, breach of trust and corruption in dealing with the calculation and payment of medical services.<\/p>\n<\/div>\n<\/div>\n<div class=\"elementor-element elementor-element-0e36a90 e-con-full e-flex e-con e-child\" role=\"region\" aria-labelledby=\"e-n-accordion-item-21210\" data-id=\"0e36a90\" data-element_type=\"container\" data-e-type=\"container\">\n<div class=\"elementor-element elementor-element-a0be9de elementor-widget elementor-widget-text-editor\" data-id=\"a0be9de\" data-element_type=\"widget\" data-e-type=\"widget\" data-widget_type=\"text-editor.default\">\n<p>We advise and defend doctors, therapists, pharmacists, hospitals, nursing facilities, and manufacturers of pharmaceuticals and medical devices in all criminal and professional law matters.<\/p>\n<\/div>\n<\/div>\n\t\t\t\t\t\t\t\t<\/div>\n\t\t\t\t\t<\/div>\n\t\t\t\t<\/div>\n\t\t<div class=\"elementor-element elementor-element-92016cd e-flex e-con-boxed e-con e-parent\" data-id=\"92016cd\" data-element_type=\"container\" data-e-type=\"container\">\n\t\t\t\t\t<div class=\"e-con-inner\">\n\t\t\t\t<div class=\"elementor-element elementor-element-c14caf5 elementor-widget elementor-widget-ucaddon_post_grid\" data-id=\"c14caf5\" data-element_type=\"widget\" data-e-type=\"widget\" data-widget_type=\"ucaddon_post_grid.default\">\n\t\t\t\t<div class=\"elementor-widget-container\">\n\t\t\t\t\t\n<!-- start Post Grid -->\n\t\t<link id='font-awesome-css' href='https:\/\/galen.de\/wp-content\/plugins\/unlimited-elements-for-elementor-premium\/assets_libraries\/font-awesome6\/fontawesome-all.min.css' type='text\/css' rel='stylesheet' >\n\t\t<link id='font-awesome-4-shim-css' href='https:\/\/galen.de\/wp-content\/plugins\/unlimited-elements-for-elementor-premium\/assets_libraries\/font-awesome6\/fontawesome-v4-shims.min.css' type='text\/css' rel='stylesheet' >\n\n<style>\/* widget: Post Grid *\/\n\n\n\n#uc_post_grid_elementor_c14caf5.uc_post_grid_style_one .uc_post_grid_style_one_wrap {\n   display:grid;\n}\n\n\n#uc_post_grid_elementor_c14caf5 .uc_post_grid_style_one_item\n{\n  position:relative;\n}\n\n#uc_post_grid_elementor_c14caf5 .uc_post_image\n{\n  transition:0.3s;\n  position:relative;\n  overflow:hidden;\n}\n\n#uc_post_grid_elementor_c14caf5 .uc_post_image img\n{\n  width:100%;\n  display:block;\n  transition:0.3s;\n}\n\n\n\t\n\n\n\n\n\n\n#uc_post_grid_elementor_c14caf5 .uc_post_image_overlay\n{\n  position:absolute;\n  top:0px;\n  left:0px;\n  height:100%;\n  width:100%;\n  transition:0.3s;\n}\n\n#uc_post_grid_elementor_c14caf5 .uc_more_btn-custom-field\n{\n  display:inline-block;\n  text-align:center;\n  text-decoration:none;\n  transition:0.3s;\n}\n\n#uc_post_grid_elementor_c14caf5 .uc_more_btn\n{\n  display:inline-block;\n  text-align:center;\n  text-decoration:none;\n  transition:0.3s;\n}\n\n.ue-grid-item-category a\n{\n  display:inline-block;\n  font-size:10px;\n  position: relative;\n  z-index: 1;\n}\n.uc_post_title\n{\n  font-size:21px;\n}\n\n\n\n#uc_post_grid_elementor_c14caf5 .ue_post_grid_item\n{\n  display:flex;\n  flex-direction:column;\n}\n\n#uc_post_grid_elementor_c14caf5.uc_post_grid_style_one .uc_content{\n flex-grow:1;\n}\n\n#uc_post_grid_elementor_c14caf5.uc_post_grid_style_one .uc_content > div\n{\n  height:100%;\n  display:flex;\n  flex-direction:column;\n  }\n\n  \n\n\n\n\n\n\n\n\n\n\n\n\n\n\n\n\n\n\n\n\n\n\n#uc_post_grid_elementor_c14caf5 .ue-meta-data\n{\n  \n  display:flex;\n\n  flex-wrap: wrap;\n  line-height:1em;\n}\n\n#uc_post_grid_elementor_c14caf5 .ue-grid-item-meta-data\n{\n      display:inline-flex;\n      align-items:center;\n}\n\n#uc_post_grid_elementor_c14caf5 .ue-grid-item-meta-data a{\n  color:inherit;\n}\n\n.ue-grid-item-meta-data\n{\n  font-size:12px;\n}\n\n#uc_post_grid_elementor_c14caf5 .ue-grid-item-meta-data-icon\n{\n  line-height:1em;\n}\n\n#uc_post_grid_elementor_c14caf5 .ue-grid-item-meta-data-icon svg\n{\n  width:1em;\n  height:1em;\n}\n\n#uc_post_grid_elementor_c14caf5 .ue-debug-meta\n{\n  padding:10px;\n  border:1px solid red;\n  position:relative;\n  line-height:1.5em;\n  font-size:11px;\n  width:100%;\n}\n\n#uc_post_grid_elementor_c14caf5 .uc_btn_inner\n{\n  display:inline-flex;\n  align-items:center;\n}\n\n#uc_post_grid_elementor_c14caf5 .uc_btn_inner svg\n{\n  width:1em;\n  height:1em;\n}\n\n  #uc_post_grid_elementor_c14caf5 .ue_post_full_link{\n    position:absolute;\n    width:100%;\n    height:100%;\n    top:0;\n    left:0;\n  }\n\n\n\n\n<\/style>\n\n<div class=\"uc_post_grid_style_one\" id=\"uc_post_grid_elementor_c14caf5\"  >\n\t\t<div class=\"uc_post_grid_style_one_wrap ue_post_grid uc-items-wrapper\">\n\t\t\t\n\n\n\n<div id=\"uc_post_grid_elementor_c14caf5_item1\" class=\"uc_post_grid_style_one_item ue_post_grid_item ue-item\">\n  \n   \n  <div class=\"uc_content\">\n    <div class=\"uc_content_inner\">\n      <div class=\"uc_content-info-wrapper\" >\n        \n       \n              \n\n            \t\t      \t\t\t<div class=\"uc_post_title\"><a class=\"\" href='https:\/\/galen.de\/en\/rechtsgebiete\/wirtschaftsstrafrecht\/medizinstrafrecht\/abrechnungsbetrugs-im-gesundheitswesen\/' target=\"_self\"><div class=\"ue_p_title\">Healthcare billing fraud<\/div><\/a><\/div>\n      \t\t      \t\n                      \n       \n        <div class=\"ue-meta-data\">\n            \n                \t    \n                \n        \n\t\n                \n                \n                \n                \n    \t\t\t\n      \n            \n  <\/div>\t\n           \n                 \n                            \n                                  \n     <\/div>                      \n                           \n \t<\/div>  <\/div>      \n  <a class=\"ue_post_full_link\" href='https:\/\/galen.de\/en\/rechtsgebiete\/wirtschaftsstrafrecht\/medizinstrafrecht\/abrechnungsbetrugs-im-gesundheitswesen\/' target=\"_self\"><\/a>      \n<\/div>\n\n\t\t<\/div>\n\t<\/div>\n\n\n\n  <div id=\"uc_post_grid_elementor_c14caf5_empty_message\" class=\"ue-no-posts-found\"  style=\"display:none\" >No posts found<\/div>\n\n\n<!-- end Post Grid -->\t\t\t\t<\/div>\n\t\t\t\t<\/div>\n\t\t\t\t\t<\/div>\n\t\t\t\t<\/div>\n\t\t\t\t<\/div>","protected":false},"excerpt":{"rendered":"<p>Das Strafrecht der medizinischen Berufe umfasst insbesondere Vorw\u00fcrfe im Zusammenhang mit \u00e4rztlichen Behandlungsfehlern (fahrl\u00e4ssige K\u00f6rperverletzung und fahrl\u00e4ssige T\u00f6tung), aber auch Vorw\u00fcrfe des Betrugs, der Untreue und der Korruption beim Umgang mit der Berechnung und Bezahlung medizinischer Leistungen. Wir beraten und verteidigen \u00c4rzt:innen, Therapeut:innen, Apotheker:innen, Krankenh\u00e4user, Pflegeeinrichtungen, Arzneimittel- und Medizinproduktehersteller:innen in allen straf- und berufsrechtlichen Fragen. [&hellip;]<\/p>\n","protected":false},"author":1,"featured_media":0,"parent":1325,"menu_order":0,"comment_status":"closed","ping_status":"closed","template":"","meta":{"_acf_changed":false,"inline_featured_image":false,"footnotes":""},"class_list":["post-1433","page","type-page","status-publish","hentry"],"acf":[],"aioseo_notices":[],"_links":{"self":[{"href":"https:\/\/galen.de\/en\/wp-json\/wp\/v2\/pages\/1433","targetHints":{"allow":["GET"]}}],"collection":[{"href":"https:\/\/galen.de\/en\/wp-json\/wp\/v2\/pages"}],"about":[{"href":"https:\/\/galen.de\/en\/wp-json\/wp\/v2\/types\/page"}],"author":[{"embeddable":true,"href":"https:\/\/galen.de\/en\/wp-json\/wp\/v2\/users\/1"}],"replies":[{"embeddable":true,"href":"https:\/\/galen.de\/en\/wp-json\/wp\/v2\/comments?post=1433"}],"version-history":[{"count":4,"href":"https:\/\/galen.de\/en\/wp-json\/wp\/v2\/pages\/1433\/revisions"}],"predecessor-version":[{"id":1437,"href":"https:\/\/galen.de\/en\/wp-json\/wp\/v2\/pages\/1433\/revisions\/1437"}],"up":[{"embeddable":true,"href":"https:\/\/galen.de\/en\/wp-json\/wp\/v2\/pages\/1325"}],"wp:attachment":[{"href":"https:\/\/galen.de\/en\/wp-json\/wp\/v2\/media?parent=1433"}],"curies":[{"name":"wp","href":"https:\/\/api.w.org\/{rel}","templated":true}]}}