{"id":906,"date":"2026-01-14T08:31:19","date_gmt":"2026-01-14T07:31:19","guid":{"rendered":"https:\/\/galen.de\/?page_id=906"},"modified":"2026-01-14T08:31:19","modified_gmt":"2026-01-14T07:31:19","slug":"imprint","status":"publish","type":"page","link":"https:\/\/galen.de\/en\/impressum\/","title":{"rendered":"Imprint"},"content":{"rendered":"<p>Galen Rechtsanw\u00e4lte is a civil law partnership (GbR) consisting of partners Dr. Margarete Gr\u00e4fin von Galen and Kilian Schaefer. The firm is located in Berlin at Mommsenstra\u00dfe 45, 10629 Berlin. All lawyers listed on this website are admitted to practice law in Germany. All lawyers listed on this website are members of the Berlin Bar Association and have their offices at the aforementioned address. Telephone and fax numbers, as well as email addresses, can be found on this website under &quot;Contact.&quot; The VAT identification number of Galen Rechtsanw\u00e4lte is DE294116713.<\/p>\n\n\n\n<p>The professional regulations applicable to lawyers include, among others, the Federal Lawyers&#039; Act (BRAO), the Professional Code of Conduct for Lawyers (BORA), the Specialist Lawyers&#039; Regulations (FAO), the Lawyers&#039; Fees Act (RVG), and the Code of Conduct for Lawyers in the European Union. These regulations can be obtained from the Federal Bar Association at [website address missing].&nbsp;<a href=\"https:\/\/www.brak.de\/\" target=\"_blank\" rel=\"noreferrer noopener\">www.brak.de<\/a>&nbsp;They can be viewed in the section on professional law.<\/p>\n\n\n\n<p>All lawyers are covered by professional liability insurance with ERGO Versicherung AG, located at ERGO-Platz 1, 40477 D\u00fcsseldorf, Germany. There are no geographical restrictions on the liability insurance coverage. However, according to the policy terms, liability claims arising from activities related to advising on or dealing with non-European law and before non-European courts are not covered.<\/p>\n\n\n\n<p>EU platform for out-of-court online dispute resolution:&nbsp;<a href=\"https:\/\/ec.europa.eu\/consumers\/odr\/\" target=\"_blank\" rel=\"noreferrer noopener\">https:\/\/ec.europa.eu\/consumers\/odr\/<\/a><\/p>\n\n\n\n<h2 class=\"wp-block-heading\">Disclaimer<\/h2>\n\n\n\n<p>Despite careful review of the content, we assume no liability for the content of external links. The operators of the linked websites are solely responsible for their content.<\/p>\n\n\n\n<h2 class=\"wp-block-heading\">copyright<\/h2>\n\n\n\n<p>The content and works created by the website operators on these pages are subject to German copyright law. Reproduction, processing, distribution, and any form of exploitation beyond the limits of copyright law require the written consent of the respective author or creator. Downloads and copies of this page are permitted only for private, non-commercial use. Insofar as the content on this page was not created by the operator, the copyrights of third parties are respected. In particular, third-party content is identified as such. Should you nevertheless become aware of a copyright infringement, please inform us accordingly. Upon notification of legal violations, we will remove such content immediately.<br><br>Design:&nbsp;<a href=\"http:\/\/hatch-berlin.de\/\" rel=\"noreferrer noopener\" target=\"_blank\">HATCH Berlin<\/a><br>Photos:&nbsp;<a href=\"https:\/\/andreas-tobias.com\/\" rel=\"noreferrer noopener\" target=\"_blank\">Andreas Tobias<\/a>,&nbsp;<a href=\"https:\/\/www.frankwoelffing.de\/\" rel=\"noreferrer noopener\" target=\"_blank\">Frank Woelffing<\/a><br>Development:&nbsp;<a href=\"http:\/\/jens-wittmann.de\/\" rel=\"noreferrer noopener\" target=\"_blank\">Jens Wittmann<\/a><\/p>","protected":false},"excerpt":{"rendered":"<p>Galen Rechtsanw\u00e4lte ist eine Gesellschaft b\u00fcrgerlichen Rechts (GbR), die aus den Gesellschaftern Dr. Margarete Gr\u00e4fin von Galen und Kilian Schaefer besteht. Die Gesellschaft hat ihren Sitz in Berlin unter der Anschrift Mommsenstra\u00dfe 45, 10629 Berlin. Allen Rechtsanw\u00e4lten und Rechtsanw\u00e4ltinnen auf dieser Website wurden die Berufsbezeichnung &#8222;Rechtsanwalt&#8220; oder &#8222;Rechtsanw\u00e4ltin&#8220; in Deutschland verliehen. Alle Rechtsanw\u00e4lte und Rechtsanw\u00e4ltinnen [&hellip;]<\/p>\n","protected":false},"author":1,"featured_media":0,"parent":0,"menu_order":0,"comment_status":"closed","ping_status":"closed","template":"","meta":{"inline_featured_image":false,"footnotes":""},"class_list":["post-906","page","type-page","status-publish","hentry"],"aioseo_notices":[],"_links":{"self":[{"href":"https:\/\/galen.de\/en\/wp-json\/wp\/v2\/pages\/906","targetHints":{"allow":["GET"]}}],"collection":[{"href":"https:\/\/galen.de\/en\/wp-json\/wp\/v2\/pages"}],"about":[{"href":"https:\/\/galen.de\/en\/wp-json\/wp\/v2\/types\/page"}],"author":[{"embeddable":true,"href":"https:\/\/galen.de\/en\/wp-json\/wp\/v2\/users\/1"}],"replies":[{"embeddable":true,"href":"https:\/\/galen.de\/en\/wp-json\/wp\/v2\/comments?post=906"}],"version-history":[{"count":0,"href":"https:\/\/galen.de\/en\/wp-json\/wp\/v2\/pages\/906\/revisions"}],"wp:attachment":[{"href":"https:\/\/galen.de\/en\/wp-json\/wp\/v2\/media?parent=906"}],"curies":[{"name":"wp","href":"https:\/\/api.w.org\/{rel}","templated":true}]}}